{"id":11987,"date":"2021-01-11T11:09:14","date_gmt":"2021-01-11T10:09:14","guid":{"rendered":"http:\/\/barbarafluxa.com\/?page_id=11987"},"modified":"2021-01-14T13:02:15","modified_gmt":"2021-01-14T12:02:15","slug":"cookies","status":"publish","type":"page","link":"https:\/\/barbarafluxa.com\/en\/cookies\/","title":{"rendered":"Pol\u00edtica de Cookies"},"content":{"rendered":"<div data-elementor-type=\"wp-page\" data-elementor-id=\"11987\" class=\"elementor elementor-11987\" data-elementor-settings=\"{&quot;ha_cmc_init_switcher&quot;:&quot;no&quot;}\" data-elementor-post-type=\"page\">\n\t\t\t\t\t\t<section class=\"elementor-section elementor-top-section elementor-element elementor-element-d93cd10 elementor-section-boxed elementor-section-height-default elementor-section-height-default\" data-id=\"d93cd10\" data-element_type=\"section\" data-settings=\"{&quot;_ha_eqh_enable&quot;:false}\">\n\t\t\t\t\t\t<div class=\"elementor-container elementor-column-gap-default\">\n\t\t\t\t\t<div class=\"elementor-column elementor-col-100 elementor-top-column elementor-element elementor-element-7bb48e6\" data-id=\"7bb48e6\" data-element_type=\"column\">\n\t\t\t<div class=\"elementor-widget-wrap elementor-element-populated\">\n\t\t\t\t\t\t<div class=\"elementor-element elementor-element-ee76e49 elementor-widget elementor-widget-text-editor\" data-id=\"ee76e49\" data-element_type=\"widget\" data-widget_type=\"text-editor.default\">\n\t\t\t\t<div class=\"elementor-widget-container\">\n\t\t\t\t\t\t\t<div><h4>\u00bfQU\u00c9 SON LAS COOKIES?<\/h4><p>Las\u00a0<i>cookies\u00a0<\/i>son archivos que se pueden descargar en su equipo a trav\u00e9s de las p\u00e1ginas web. Son herramientas que tienen un papel esencial para la prestaci\u00f3n de numerosos servicios de la sociedad de la informaci\u00f3n. Entre otros, permiten a una p\u00e1gina web almacenar y recuperar informaci\u00f3n sobre los h\u00e1bitos de navegaci\u00f3n de un usuario o de su equipo y, dependiendo de la informaci\u00f3n obtenida, se pueden utilizar para reconocer al usuario y mejorar el servicio ofrecido.<\/p><h4>\u00a0<\/h4><h4>TIPOS DE COOKIES<\/h4><p>Seg\u00fan quien sea la entidad que gestione el dominio desde donde se env\u00edan las\u00a0<i>cookies\u00a0<\/i>y trate los datos que se obtengan se pueden\u00a0distinguir dos tipos:<\/p><ul><li><i><b>Cookies propias:<\/b><\/i>\u00a0aqu\u00e9llas que se env\u00edan al equipo terminal del usuario desde un equipo o dominio gestionado\u00a0por el propio editor y desde el que se presta el servicio solicitado por el usuario.<\/li><li><i><b>Cookies de terceros:<\/b><\/i>\u00a0aqu\u00e9llas que se env\u00edan al equipo terminal del usuario desde un equipo o dominio que no es\u00a0gestionado por el editor, sino por otra entidad que trata los datos obtenidos trav\u00e9s de las\u00a0<i>cookies<\/i>.<\/li><\/ul><p>En el caso de que las\u00a0<i>cookies\u00a0<\/i>sean instaladas desde un equipo o dominio gestionado por el propio editor pero la informaci\u00f3n que se\u00a0recoja mediante \u00e9stas sea gestionada por un tercero, no pueden ser consideradas como\u00a0<i>cookies\u00a0<\/i>propias.\u00a0Existe tambi\u00e9n una segunda clasificaci\u00f3n seg\u00fan el plazo de tiempo que permanecen almacenadas en el navegador del cliente,\u00a0pudiendo tratarse de:<\/p><ul><li><b><i>Cookies de sesi\u00f3n:<\/i><\/b>\u00a0dise\u00f1adas para recabar y almacenar datos mientras el usuario accede a una p\u00e1gina web. Se\u00a0\u00a0suelen emplear para almacenar informaci\u00f3n que solo interesa conservar para la prestaci\u00f3n del servicio\u00a0solicitado por el usuario en una sola ocasi\u00f3n (p.e. una lista de productos adquiridos).<\/li><li><i><b>Cookies persistentes:<\/b><\/i>\u00a0los datos siguen almacenados en el terminal y pueden ser accedidos y tratados durante un\u00a0periodo definido por el responsable de la\u00a0<i>cookie<\/i>, y que puede ir de unos minutos a varios a\u00f1os.<\/li><\/ul><\/div><p>Por \u00faltimo, existe otra clasificaci\u00f3n con cinco tipos de\u00a0<i>cookies<\/i>\u00a0seg\u00fan la finalidad para la que se traten los datos obtenidos:<\/p><ul><li><i><b>Cookies t\u00e9cnicas<\/b><\/i>: aquellas que permiten al usuario la navegaci\u00f3n a trav\u00e9s de una p\u00e1gina web,\u00a0plataforma o aplicaci\u00f3n y la utilizaci\u00f3n de las diferentes opciones o servicios que en ella existan como, por\u00a0ejemplo, controlar el tr\u00e1fico y la comunicaci\u00f3n de datos, identificar la sesi\u00f3n, acceder a partes de acceso\u00a0restringido, recordar los elementos que integran un pedido, realizar el proceso de compra de un pedido, realizar\u00a0la solicitud de inscripci\u00f3n o participaci\u00f3n en un evento, utilizar elementos de seguridad durante la navegaci\u00f3n,\u00a0almacenar contenidos para la difusi\u00f3n de v\u00eddeos o sonido o compartir contenidos a trav\u00e9s de redes sociales.<\/li><li><i><b>Cookies de personalizaci\u00f3n:<\/b><\/i>\u00a0permiten al usuario acceder al servicio con algunas caracter\u00edsticas de car\u00e1cter\u00a0general predefinidas en funci\u00f3n de una serie de criterios en el terminal del usuario como por ejemplo serian el\u00a0idioma, el tipo de navegador a trav\u00e9s del cual accede al servicio, la configuraci\u00f3n regional desde donde accede al\u00a0servicio, etc.<\/li><li><i><b>Cookies de an\u00e1lisis:\u00a0<\/b><\/i>permiten al responsable de las mismas, el seguimiento y an\u00e1lisis del comportamiento de los\u00a0usuarios de los sitios web a los que est\u00e1n vinculadas. La informaci\u00f3n recogida mediante este tipo de\u00a0<i>cookies\u00a0<\/i>se\u00a0utiliza en la medici\u00f3n de la actividad de los sitios web, aplicaci\u00f3n o plataforma y para la elaboraci\u00f3n de perfiles\u00a0de navegaci\u00f3n de los usuarios de dichos sitios, aplicaciones y plataformas, con el fin de introducir mejoras en\u00a0funci\u00f3n del an\u00e1lisis de los datos de uso que hacen los usuarios del servicio.<\/li><li><b><i>Cookies publicitarias:<\/i><\/b>\u00a0permiten la gesti\u00f3n, de la forma m\u00e1s eficaz posible, de los espacios publicitarios.<\/li><li><i><b>Cookies de publicidad comportamental:<\/b><\/i>\u00a0almacenan informaci\u00f3n del comportamiento de los usuarios obtenida a\u00a0trav\u00e9s de la observaci\u00f3n continuada de sus h\u00e1bitos de navegaci\u00f3n, lo que permite desarrollar un perfil espec\u00edfico\u00a0para mostrar publicidad en funci\u00f3n del mismo.<\/li><li><i><b>Cookies de redes sociales externas:<\/b><\/i>\u00a0se utilizan para que los visitantes puedan interactuar con el contenido de\u00a0diferentes plataformas sociales (facebook, youtube, twitter, linkedIn, etc..) y que se generen \u00fanicamente para\u00a0los usuarios de dichas redes sociales. Las condiciones de utilizaci\u00f3n de estas\u00a0<i>cookies\u00a0<\/i>y la informaci\u00f3n recopilada\u00a0se regula por la pol\u00edtica de privacidad de la plataforma social correspondiente.<\/li><\/ul><h4><strong>DESACTIVACI\u00d3N Y ELIMINACI\u00d3N DE COOKIES<\/strong><\/h4><div><p>Tienes la opci\u00f3n de permitir, bloquear o eliminar las\u00a0<i>cookies\u00a0<\/i>instaladas en tu equipo mediante la configuraci\u00f3n de las opciones del\u00a0navegador instalado en su equipo. Al desactivar\u00a0<i>cookies<\/i>, algunos de los servicios disponibles podr\u00edan dejar de estar operativos. La\u00a0forma de deshabilitar las\u00a0<i>cookies\u00a0<\/i>es diferente para cada navegador, pero normalmente puede hacerse desde el men\u00fa Herramientas\u00a0u Opciones. Tambi\u00e9n puede consultarse el men\u00fa de Ayuda del navegador d\u00f3nde puedes encontrar instrucciones. El usuario podr\u00e1\u00a0en cualquier momento elegir qu\u00e9\u00a0<i>cookies\u00a0<\/i>quiere que funcionen en este sitio web.<\/p><p>Puede usted permitir, bloquear o eliminar las\u00a0<i>cookies\u00a0<\/i>instaladas en su equipo mediante la configuraci\u00f3n de las opciones del\u00a0navegador instalado en su ordenador:<\/p><ul><li><u>Microsoft Internet Explorer o Microsoft Edge<\/u>:\u00a0http:\/\/windows.microsoft.com\/es-es\/windows-vista\/Block-or-allow-cookies\u2022<\/li><li><u>Mozilla Firefox:<\/u>\u00a0http:\/\/support.mozilla.org\/es\/kb\/impedir-que-los-sitios-web-guarden-sus-preferencia<\/li><li><u>Google Chrome<\/u>: https:\/\/support.google.com\/accounts\/answer\/61416?hl=es<\/li><li><u>Apple Safari<\/u>: http:\/\/safari.helpmax.net\/es\/privacidad-y-seguridad\/como-gestionar-las-cookies\/<\/li><li><u>Opera<\/u>: http:\/\/help.opera.com\/Linux\/10.60\/es-ES\/cookies.html<\/li><\/ul><h4>\u00a0<\/h4><h4>ACEPTACI\u00d3N DE LA POL\u00cdTICA DE COOKIES<\/h4><\/div><p><a href=\"https:\/\/www.lino-art.com\">https:\/\/www.lino-art.com <\/a>asume que usted acepta el uso de <i>cookies<\/i>. No obstante, muestra informaci\u00f3n sobre su Pol\u00edtica de\u00a0<i>cookies\u00a0<\/i>en la parte\u00a0inferior o superior de cualquier p\u00e1gina del portal con cada inicio de sesi\u00f3n con el objeto de que usted sea consciente.<\/p><p>Ante esta informaci\u00f3n es posible llevar a cabo las siguientes acciones:<\/p><ul><li><i><b>Aceptar cookies.\u00a0<\/b><\/i>No se volver\u00e1 a visualizar este aviso al acceder a cualquier p\u00e1gina del portal durante la presente sesi\u00f3n.<\/li><li><i><b>Cerrar.<\/b><\/i>\u00a0Se oculta el aviso en la presente p\u00e1gina.<\/li><li><b><i>Modificar su configuraci\u00f3n.<\/i><\/b>\u00a0Podr\u00e1 obtener m\u00e1s informaci\u00f3n sobre qu\u00e9 son las\u00a0<i>cookies<\/i>, conocer la Pol\u00edtica de\u00a0<i>cookies\u00a0<\/i>de <a href=\"https:\/\/barbarafluxa.com\/en\/\">www.barbarafluxa.com<\/a>\u00a0y modificar la configuraci\u00f3n de su navegador.<\/li><\/ul><div><div><h4>\u00a0<\/h4><h4>RESPONSABLE LEGAL<\/h4><\/div><div><p>Denominaci\u00f3n social: <strong>B\u00c1RBARA FLUX\u00c1 \u00c1LVAREZ-MIRANDA<\/strong><\/p><p>Identificador fiscal: 01932745D<\/p><\/div><\/div>\t\t\t\t\t\t<\/div>\n\t\t\t\t<\/div>\n\t\t\t\t\t<\/div>\n\t\t<\/div>\n\t\t\t\t\t<\/div>\n\t\t<\/section>\n\t\t\t\t<section class=\"elementor-section elementor-top-section elementor-element elementor-element-7beacc7 elementor-section-boxed elementor-section-height-default elementor-section-height-default\" data-id=\"7beacc7\" data-element_type=\"section\" data-settings=\"{&quot;_ha_eqh_enable&quot;:false}\">\n\t\t\t\t\t\t<div class=\"elementor-container elementor-column-gap-default\">\n\t\t\t\t\t<div class=\"elementor-column elementor-col-100 elementor-top-column elementor-element elementor-element-9ed26cb\" data-id=\"9ed26cb\" data-element_type=\"column\">\n\t\t\t<div class=\"elementor-widget-wrap elementor-element-populated\">\n\t\t\t\t\t\t<div class=\"elementor-element elementor-element-ef62721 eael-tooltip-align-left elementor-widget elementor-widget-eael-tooltip\" data-id=\"ef62721\" data-element_type=\"widget\" data-widget_type=\"eael-tooltip.default\">\n\t\t\t\t<div class=\"elementor-widget-container\">\n\t\t\t\t<div class=\"eael-tooltip\">\n\t\t\t\t\t<span class=\"eael-tooltip-content\" tabindex=\"0\" aria-describedby=\"tooltip-text-ef62721\"><a href=\"mailto:info@barbarafluxa.com\">\t\t\t\t\t\t\t<i aria-hidden=\"true\" class=\"far fa-envelope\"><\/i>\t\t\t<\/a><\/span>\n  \t\t\t<span id=\"tooltip-text-ef62721\" class=\"eael-tooltip-text eael-tooltip-right\" role=\"tooltip\"><p>Ante cualquier duda al respecto no dudes en escribirme.<\/p><\/span>\n  \t\t\t<\/div>\n\t\t\t<\/div>\n\t\t\t\t<\/div>\n\t\t\t\t\t<\/div>\n\t\t<\/div>\n\t\t\t\t\t<\/div>\n\t\t<\/section>\n\t\t\t\t<\/div>","protected":false},"excerpt":{"rendered":"<p>\u00bfQU\u00c9 SON LAS COOKIES? Las\u00a0cookies\u00a0son archivos que se pueden descargar<\/p>","protected":false},"author":1,"featured_media":0,"parent":0,"menu_order":0,"comment_status":"closed","ping_status":"closed","template":"","meta":{"footnotes":""},"class_list":["post-11987","page","type-page","status-publish"],"_links":{"self":[{"href":"https:\/\/barbarafluxa.com\/en\/wp-json\/wp\/v2\/pages\/11987","targetHints":{"allow":["GET"]}}],"collection":[{"href":"https:\/\/barbarafluxa.com\/en\/wp-json\/wp\/v2\/pages"}],"about":[{"href":"https:\/\/barbarafluxa.com\/en\/wp-json\/wp\/v2\/types\/page"}],"author":[{"embeddable":true,"href":"https:\/\/barbarafluxa.com\/en\/wp-json\/wp\/v2\/users\/1"}],"replies":[{"embeddable":true,"href":"https:\/\/barbarafluxa.com\/en\/wp-json\/wp\/v2\/comments?post=11987"}],"version-history":[{"count":39,"href":"https:\/\/barbarafluxa.com\/en\/wp-json\/wp\/v2\/pages\/11987\/revisions"}],"predecessor-version":[{"id":12129,"href":"https:\/\/barbarafluxa.com\/en\/wp-json\/wp\/v2\/pages\/11987\/revisions\/12129"}],"wp:attachment":[{"href":"https:\/\/barbarafluxa.com\/en\/wp-json\/wp\/v2\/media?parent=11987"}],"curies":[{"name":"wp","href":"https:\/\/api.w.org\/{rel}","templated":true}]}}