{"id":14050,"date":"2021-03-24T09:09:13","date_gmt":"2021-03-24T08:09:13","guid":{"rendered":"https:\/\/barbarafluxa.com\/?page_id=14050"},"modified":"2024-07-23T09:04:03","modified_gmt":"2024-07-23T07:04:03","slug":"fabrica-de-luz","status":"publish","type":"page","link":"https:\/\/barbarafluxa.com\/en\/obras-y-proyectos\/fabrica-de-luz\/","title":{"rendered":"F\u00e1brica de luz"},"content":{"rendered":"<div data-elementor-type=\"wp-page\" data-elementor-id=\"14050\" class=\"elementor elementor-14050\" data-elementor-settings=\"{&quot;ha_cmc_init_switcher&quot;:&quot;no&quot;}\" data-elementor-post-type=\"page\">\n\t\t\t\t\t\t<section class=\"elementor-section elementor-top-section elementor-element elementor-element-0c657dc elementor-section-boxed elementor-section-height-default elementor-section-height-default\" data-id=\"0c657dc\" data-element_type=\"section\" data-settings=\"{&quot;background_background&quot;:&quot;classic&quot;,&quot;_ha_eqh_enable&quot;:false}\">\n\t\t\t\t\t\t<div class=\"elementor-container elementor-column-gap-default\">\n\t\t\t\t\t<div class=\"elementor-column elementor-col-100 elementor-top-column elementor-element elementor-element-2fae71d\" data-id=\"2fae71d\" data-element_type=\"column\">\n\t\t\t<div class=\"elementor-widget-wrap elementor-element-populated\">\n\t\t\t\t\t\t<div class=\"elementor-element elementor-element-c11295c elementor-widget elementor-widget-spacer\" data-id=\"c11295c\" data-element_type=\"widget\" data-widget_type=\"spacer.default\">\n\t\t\t\t<div class=\"elementor-widget-container\">\n\t\t\t\t\t<div class=\"elementor-spacer\">\n\t\t\t<div class=\"elementor-spacer-inner\"><\/div>\n\t\t<\/div>\n\t\t\t\t<\/div>\n\t\t\t\t<\/div>\n\t\t\t\t<div class=\"elementor-element elementor-element-63072ec elementor-widget elementor-widget-spacer\" data-id=\"63072ec\" data-element_type=\"widget\" data-widget_type=\"spacer.default\">\n\t\t\t\t<div class=\"elementor-widget-container\">\n\t\t\t\t\t<div class=\"elementor-spacer\">\n\t\t\t<div class=\"elementor-spacer-inner\"><\/div>\n\t\t<\/div>\n\t\t\t\t<\/div>\n\t\t\t\t<\/div>\n\t\t\t\t\t<\/div>\n\t\t<\/div>\n\t\t\t\t\t<\/div>\n\t\t<\/section>\n\t\t\t\t<section class=\"elementor-section elementor-top-section elementor-element elementor-element-e3ff01c elementor-section-boxed elementor-section-height-default elementor-section-height-default\" data-id=\"e3ff01c\" data-element_type=\"section\" data-settings=\"{&quot;_ha_eqh_enable&quot;:false}\">\n\t\t\t\t\t\t<div class=\"elementor-container elementor-column-gap-default\">\n\t\t\t\t\t<div class=\"elementor-column elementor-col-33 elementor-top-column elementor-element elementor-element-ae37e04\" data-id=\"ae37e04\" data-element_type=\"column\">\n\t\t\t<div class=\"elementor-widget-wrap\">\n\t\t\t\t\t\t\t<\/div>\n\t\t<\/div>\n\t\t\t\t<div class=\"elementor-column elementor-col-66 elementor-top-column elementor-element elementor-element-ee16b3d\" data-id=\"ee16b3d\" data-element_type=\"column\">\n\t\t\t<div class=\"elementor-widget-wrap elementor-element-populated\">\n\t\t\t\t\t\t<div class=\"elementor-element elementor-element-baeacf6 elementor-widget elementor-widget-spacer\" data-id=\"baeacf6\" data-element_type=\"widget\" data-widget_type=\"spacer.default\">\n\t\t\t\t<div class=\"elementor-widget-container\">\n\t\t\t\t\t<div class=\"elementor-spacer\">\n\t\t\t<div class=\"elementor-spacer-inner\"><\/div>\n\t\t<\/div>\n\t\t\t\t<\/div>\n\t\t\t\t<\/div>\n\t\t\t\t<div class=\"elementor-element elementor-element-d11ed3b elementor-widget elementor-widget-heading\" data-id=\"d11ed3b\" data-element_type=\"widget\" data-widget_type=\"heading.default\">\n\t\t\t\t<div class=\"elementor-widget-container\">\n\t\t\t<h2 class=\"elementor-heading-title elementor-size-default\">F\u00e1brica de luz<\/h2>\t\t<\/div>\n\t\t\t\t<\/div>\n\t\t\t\t\t<\/div>\n\t\t<\/div>\n\t\t\t\t\t<\/div>\n\t\t<\/section>\n\t\t\t\t<section class=\"elementor-section elementor-top-section elementor-element elementor-element-deb42a0 elementor-section-boxed elementor-section-height-default elementor-section-height-default\" data-id=\"deb42a0\" data-element_type=\"section\" data-settings=\"{&quot;_ha_eqh_enable&quot;:false}\">\n\t\t\t\t\t\t<div class=\"elementor-container elementor-column-gap-default\">\n\t\t\t\t\t<div class=\"elementor-column elementor-col-50 elementor-top-column elementor-element elementor-element-f739b80\" data-id=\"f739b80\" data-element_type=\"column\">\n\t\t\t<div class=\"elementor-widget-wrap elementor-element-populated\">\n\t\t\t\t\t\t<div class=\"elementor-element elementor-element-0e5c5e3 elementor-widget elementor-widget-text-editor\" data-id=\"0e5c5e3\" data-element_type=\"widget\" data-widget_type=\"text-editor.default\">\n\t\t\t\t<div class=\"elementor-widget-container\">\n\t\t\t\t\t\t\t<p><strong><span style=\"color: #000000;\">2006<\/span><\/strong><\/p><p><span style=\"color: #000000;\">Obra pl\u00e1stica pluridisciplinar.<\/span><\/p><p><span style=\"font-weight: bold;\">T\u00e9cnica mixta:<\/span> impresi\u00f3n digital con tintas pict\u00f3ricas pigmentadas, im\u00e1genes, dibujos y pinturas en archivos, videoinstalaci\u00f3n.<span style=\"color: #000000;\"><br \/><\/span><\/p><p><span style=\"font-weight: bold;\">Medidas:<\/span> variables.<\/p><p><strong>Financiaci\u00f3n:<\/strong> Ayuntamiento de Caldas del Reis (Pontevedra).<\/p>\t\t\t\t\t\t<\/div>\n\t\t\t\t<\/div>\n\t\t\t\t\t<\/div>\n\t\t<\/div>\n\t\t\t\t<div class=\"elementor-column elementor-col-50 elementor-top-column elementor-element elementor-element-1fb5f5a\" data-id=\"1fb5f5a\" data-element_type=\"column\">\n\t\t\t<div class=\"elementor-widget-wrap elementor-element-populated\">\n\t\t\t\t\t\t<div class=\"elementor-element elementor-element-b4626a0 elementor-widget elementor-widget-text-editor\" data-id=\"b4626a0\" data-element_type=\"widget\" data-widget_type=\"text-editor.default\">\n\t\t\t\t<div class=\"elementor-widget-container\">\n\t\t\t\t\t\t\t<p style=\"padding-left: 80px;\">\u00a0 \u00a0 \u00a0 \u00a0 \u00a0 \u00a0 \u00a0F\u00e1brica de luz tiene como protagonista a la central hidroel\u00e9ctrica abandonada del Salto de Segade en Caldas de Reis, Pontevedra; construida a finales del S.XIX como una de las primeras centrales hidroel\u00e9ctricas de Espa\u00f1a, se encuentra en desuso desde los a\u00f1os 50. A trav\u00e9s de la recuperaci\u00f3n de la memoria hist\u00f3rica de este patrimonio industrial de singular belleza y su paisaje cultural, se establece un di\u00e1logo entre Arte, industria y territorio. A trav\u00e9s de las im\u00e1genes, fotograf\u00edas, el sonido y los archivos se plantean temas tan importantes como la cultura del agua y la historia de su aprovechamiento en nuestra sociedad; el reconocimiento actual de la arqueolog\u00eda industrial en Espa\u00f1a; la problem\u00e1tica del uso del agua como recurso energ\u00e9tico, su impacto mediambiental; la pol\u00edtica del agua actual: y por \u00faltimo, la propia Historia de la central y de su entorno, declarado como balneario natural protegido por la riqueza de sus aguas.<\/p><p style=\"padding-left: 80px;\">Con motivo del certamen anual de arte urbano Kaldarte, formalmente F\u00e1brica de luz se presenta como una intervenci\u00f3n art\u00edstica a trav\u00e9s de una videoinstalaci\u00f3n en el interior de la Sala de Archivos Municipales del Concello de Caldas de Reis. La sala de archivos Municipales como lugar de intervenci\u00f3n aporta a la obra la est\u00e9tica y concepto de clasificaci\u00f3n, almacenaje y de olvido, id\u00f3neos. Tanto en la sala como en el \u00e1rea del edificio municipal donde se encuentra la intervenci\u00f3n, reina el abandono con olor a humedad y polvo, lo que aporta al espectador sensaciones que se suman con la percepci\u00f3n visual y sonora de la obra, ya de por s\u00ed, humeda, vieja y abandonada.<\/p><p style=\"padding-left: 80px;\">F\u00e1brica de luz est\u00e1 compuesta por tres v\u00eddeos, audio, m\u00e1s de 80 im\u00e1genes fotogr\u00e1f\u00edcas en diapositivas y seis carpetas de archivos con dibujos, pinturas y documentos documentales, que integrados entre los viejos estantes de los archivos de la sala forman un conjunto con cierto aire a un centro de interpretaci\u00f3n al uso, un lugar de consulta t\u00e9cnica blibliogr\u00e1fica o similar.<\/p>\t\t\t\t\t\t<\/div>\n\t\t\t\t<\/div>\n\t\t\t\t\t<\/div>\n\t\t<\/div>\n\t\t\t\t\t<\/div>\n\t\t<\/section>\n\t\t\t\t<section class=\"elementor-section elementor-top-section elementor-element elementor-element-94bee50 elementor-section-boxed elementor-section-height-default elementor-section-height-default\" data-id=\"94bee50\" data-element_type=\"section\" data-settings=\"{&quot;_ha_eqh_enable&quot;:false}\">\n\t\t\t\t\t\t<div class=\"elementor-container elementor-column-gap-default\">\n\t\t\t\t\t<div class=\"elementor-column elementor-col-100 elementor-top-column elementor-element elementor-element-2d2aa90\" data-id=\"2d2aa90\" data-element_type=\"column\">\n\t\t\t<div class=\"elementor-widget-wrap elementor-element-populated\">\n\t\t\t\t\t\t<div class=\"elementor-element elementor-element-d774bb9 elementor-widget elementor-widget-spacer\" data-id=\"d774bb9\" data-element_type=\"widget\" data-widget_type=\"spacer.default\">\n\t\t\t\t<div class=\"elementor-widget-container\">\n\t\t\t\t\t<div class=\"elementor-spacer\">\n\t\t\t<div class=\"elementor-spacer-inner\"><\/div>\n\t\t<\/div>\n\t\t\t\t<\/div>\n\t\t\t\t<\/div>\n\t\t\t\t<div class=\"elementor-element elementor-element-4a60a1d eael-fg-hoverer-content-align-left elementor-widget elementor-widget-eael-filterable-gallery\" data-id=\"4a60a1d\" data-element_type=\"widget\" data-settings=\"{&quot;photo_gallery&quot;:&quot;yes&quot;,&quot;pagination&quot;:&quot;false&quot;}\" data-widget_type=\"eael-filterable-gallery.default\">\n\t\t\t\t<div class=\"elementor-widget-container\">\n\t\t\t<style id=\"eael-fg-inline-css-4a60a1d\">@media only screen and (max-width: 2399px) {\n\t\t\t\t\t.elementor-element.elementor-element-4a60a1d .eael-filterable-gallery-item-wrap {\n\t\t\t\t\t        width: 33.333333333333%;\n\t\t\t\t\t    }\n\t\t\t\t\t}@media only screen and (max-width: 1024px) {\n\t\t\t\t\t.elementor-element.elementor-element-4a60a1d  .eael-filterable-gallery-item-wrap {\n\t\t\t\t\t        width: 50%;\n\t\t\t\t\t    }\n\t\t\t\t\t}@media only screen and (max-width: 767px) {\n\t\t\t\t\t.elementor-element.elementor-element-4a60a1d  .eael-filterable-gallery-item-wrap {\n\t\t\t\t\t        width: 100%;\n\t\t\t\t\t    }\n\t\t\t\t\t}<\/style>        <div id=\"eael-filter-gallery-wrapper-4a60a1d\" class=\"eael-filter-gallery-wrapper\" data-layout-mode=\"hoverer\" data-breakpoints=\"{&quot;mobile&quot;:{&quot;label&quot;:&quot;Mobile Portrait&quot;,&quot;value&quot;:767,&quot;default_value&quot;:767,&quot;direction&quot;:&quot;max&quot;,&quot;is_enabled&quot;:true},&quot;mobile_extra&quot;:{&quot;label&quot;:&quot;Mobile Landscape&quot;,&quot;value&quot;:880,&quot;default_value&quot;:880,&quot;direction&quot;:&quot;max&quot;,&quot;is_enabled&quot;:false},&quot;tablet&quot;:{&quot;label&quot;:&quot;Tablet Portrait&quot;,&quot;value&quot;:1024,&quot;default_value&quot;:1024,&quot;direction&quot;:&quot;max&quot;,&quot;is_enabled&quot;:true},&quot;tablet_extra&quot;:{&quot;label&quot;:&quot;Tablet Landscape&quot;,&quot;value&quot;:1200,&quot;default_value&quot;:1200,&quot;direction&quot;:&quot;max&quot;,&quot;is_enabled&quot;:false},&quot;laptop&quot;:{&quot;label&quot;:&quot;Laptop&quot;,&quot;value&quot;:1366,&quot;default_value&quot;:1366,&quot;direction&quot;:&quot;max&quot;,&quot;is_enabled&quot;:false},&quot;widescreen&quot;:{&quot;label&quot;:&quot;Widescreen&quot;,&quot;value&quot;:2400,&quot;default_value&quot;:2400,&quot;direction&quot;:&quot;min&quot;,&quot;is_enabled&quot;:false}}\" data-default_control_key=\"0\" data-custom_default_control=\"1\">\n            \n            \n            <div class=\"eael-filter-gallery-container eael-filter-gallery-grid\" data-images-per-page=\"\" data-total-gallery-items=\"4\" data-nomore-item-text=\"\" data-settings=\"{&quot;grid_style&quot;:&quot;grid&quot;,&quot;popup&quot;:&quot;none&quot;,&quot;duration&quot;:500,&quot;gallery_enabled&quot;:&quot;yes&quot;,&quot;video_gallery_yt_privacy&quot;:&quot;&quot;,&quot;control_all_text&quot;:null,&quot;post_id&quot;:14050,&quot;widget_id&quot;:&quot;4a60a1d&quot;}\" data-search-all=\"\" data-gallery-items=\"[&quot;\\u003Cdiv class=\\u0022eael-filterable-gallery-item-wrap\\u0022\\u003E\\n\\t\\t\\t\\t\\u003Cdiv class=\\u0022eael-gallery-grid-item\\u0022\\u003E\\u003Ca href=\\u0022https:\\\/\\\/barbarafluxa.com\\\/wp-content\\\/uploads\\\/2021\\\/03\\\/fabricaluz01.jpg\\u0022 class=\\u0022eael-magnific-link eael-magnific-link-clone active media-content-wrap active\\u0022 data-elementor-open-lightbox=\\u0022no\\u0022 title=\\u0022\\u0022\\u003E\\u003Cdiv class=\\u0022gallery-item-thumbnail-wrap\\u0022\\u003E\\u003Cimg src=\\u0022https:\\\/\\\/barbarafluxa.com\\\/wp-content\\\/uploads\\\/2021\\\/03\\\/fabricaluz01.jpg\\u0022 data-lazy-src=\\u0022https:\\\/\\\/barbarafluxa.com\\\/wp-content\\\/uploads\\\/2021\\\/03\\\/fabricaluz01.jpg\\u0022 alt=\\u0022\\u0022 class=\\u0022gallery-item-thumbnail\\u0022\\u003E\\u003C\\\/div\\u003E\\u003Cdiv class=\\u0022gallery-item-caption-wrap caption-style-hoverer eael-none\\u0022\\u003E\\u003Cdiv class=\\u0022gallery-item-hoverer-bg\\u0022\\u003E\\u003C\\\/div\\u003E\\u003Cdiv class=\\u0022gallery-item-caption-over\\u0022\\u003E\\u003C\\\/div\\u003E\\u003C\\\/div\\u003E\\u003C\\\/a\\u003E\\u003C\\\/a\\u003E\\u003C\\\/div\\u003E\\u003C\\\/div\\u003E&quot;,&quot;\\u003Cdiv class=\\u0022eael-filterable-gallery-item-wrap\\u0022\\u003E\\n\\t\\t\\t\\t\\u003Cdiv class=\\u0022eael-gallery-grid-item\\u0022\\u003E\\u003Ca href=\\u0022https:\\\/\\\/barbarafluxa.com\\\/wp-content\\\/uploads\\\/2021\\\/03\\\/fabricaluz02.jpg\\u0022 class=\\u0022eael-magnific-link eael-magnific-link-clone active media-content-wrap active\\u0022 data-elementor-open-lightbox=\\u0022no\\u0022 title=\\u0022\\u0022\\u003E\\u003Cdiv class=\\u0022gallery-item-thumbnail-wrap\\u0022\\u003E\\u003Cimg src=\\u0022https:\\\/\\\/barbarafluxa.com\\\/wp-content\\\/uploads\\\/2021\\\/03\\\/fabricaluz02.jpg\\u0022 data-lazy-src=\\u0022https:\\\/\\\/barbarafluxa.com\\\/wp-content\\\/uploads\\\/2021\\\/03\\\/fabricaluz02.jpg\\u0022 alt=\\u0022\\u0022 class=\\u0022gallery-item-thumbnail\\u0022\\u003E\\u003C\\\/div\\u003E\\u003Cdiv class=\\u0022gallery-item-caption-wrap caption-style-hoverer eael-none\\u0022\\u003E\\u003Cdiv class=\\u0022gallery-item-hoverer-bg\\u0022\\u003E\\u003C\\\/div\\u003E\\u003Cdiv class=\\u0022gallery-item-caption-over\\u0022\\u003E\\u003C\\\/div\\u003E\\u003C\\\/div\\u003E\\u003C\\\/a\\u003E\\u003C\\\/a\\u003E\\u003C\\\/div\\u003E\\u003C\\\/div\\u003E&quot;,&quot;\\u003Cdiv class=\\u0022eael-filterable-gallery-item-wrap\\u0022\\u003E\\n\\t\\t\\t\\t\\u003Cdiv class=\\u0022eael-gallery-grid-item\\u0022\\u003E\\u003Ca href=\\u0022https:\\\/\\\/barbarafluxa.com\\\/wp-content\\\/uploads\\\/2021\\\/03\\\/fabricaluz03-scaled.jpg\\u0022 class=\\u0022eael-magnific-link eael-magnific-link-clone active media-content-wrap active\\u0022 data-elementor-open-lightbox=\\u0022no\\u0022 title=\\u0022\\u0022\\u003E\\u003Cdiv class=\\u0022gallery-item-thumbnail-wrap\\u0022\\u003E\\u003Cimg src=\\u0022https:\\\/\\\/barbarafluxa.com\\\/wp-content\\\/uploads\\\/2021\\\/03\\\/fabricaluz03-scaled.jpg\\u0022 data-lazy-src=\\u0022https:\\\/\\\/barbarafluxa.com\\\/wp-content\\\/uploads\\\/2021\\\/03\\\/fabricaluz03-scaled.jpg\\u0022 alt=\\u0022\\u0022 class=\\u0022gallery-item-thumbnail\\u0022\\u003E\\u003C\\\/div\\u003E\\u003Cdiv class=\\u0022gallery-item-caption-wrap caption-style-hoverer eael-none\\u0022\\u003E\\u003Cdiv class=\\u0022gallery-item-hoverer-bg\\u0022\\u003E\\u003C\\\/div\\u003E\\u003Cdiv class=\\u0022gallery-item-caption-over\\u0022\\u003E\\u003C\\\/div\\u003E\\u003C\\\/div\\u003E\\u003C\\\/a\\u003E\\u003C\\\/a\\u003E\\u003C\\\/div\\u003E\\u003C\\\/div\\u003E&quot;,&quot;\\u003Cdiv class=\\u0022eael-filterable-gallery-item-wrap\\u0022\\u003E\\n\\t\\t\\t\\t\\u003Cdiv class=\\u0022eael-gallery-grid-item\\u0022\\u003E\\u003Ca href=\\u0022https:\\\/\\\/barbarafluxa.com\\\/wp-content\\\/uploads\\\/2021\\\/03\\\/fabricaluz04.jpg\\u0022 class=\\u0022eael-magnific-link eael-magnific-link-clone active media-content-wrap active\\u0022 data-elementor-open-lightbox=\\u0022no\\u0022 title=\\u0022\\u0022\\u003E\\u003Cdiv class=\\u0022gallery-item-thumbnail-wrap\\u0022\\u003E\\u003Cimg src=\\u0022https:\\\/\\\/barbarafluxa.com\\\/wp-content\\\/uploads\\\/2021\\\/03\\\/fabricaluz04.jpg\\u0022 data-lazy-src=\\u0022https:\\\/\\\/barbarafluxa.com\\\/wp-content\\\/uploads\\\/2021\\\/03\\\/fabricaluz04.jpg\\u0022 alt=\\u0022\\u0022 class=\\u0022gallery-item-thumbnail\\u0022\\u003E\\u003C\\\/div\\u003E\\u003Cdiv class=\\u0022gallery-item-caption-wrap caption-style-hoverer eael-none\\u0022\\u003E\\u003Cdiv class=\\u0022gallery-item-hoverer-bg\\u0022\\u003E\\u003C\\\/div\\u003E\\u003Cdiv class=\\u0022gallery-item-caption-over\\u0022\\u003E\\u003C\\\/div\\u003E\\u003C\\\/div\\u003E\\u003C\\\/a\\u003E\\u003C\\\/a\\u003E\\u003C\\\/div\\u003E\\u003C\\\/div\\u003E&quot;]\" data-init-show=\"15\">\n                <div class=\"eael-filterable-gallery-item-wrap\">\n\t\t\t\t<div class=\"eael-gallery-grid-item\"><a href=\"https:\/\/barbarafluxa.com\/wp-content\/uploads\/2021\/03\/fabricaluz01.jpg\" class=\"eael-magnific-link eael-magnific-link-clone active media-content-wrap active\" data-elementor-open-lightbox=\"no\" title=\"\"><div class=\"gallery-item-thumbnail-wrap\"><img decoding=\"async\" src=\"https:\/\/barbarafluxa.com\/wp-content\/uploads\/2021\/03\/fabricaluz01.jpg\" data-lazy-src=\"https:\/\/barbarafluxa.com\/wp-content\/uploads\/2021\/03\/fabricaluz01.jpg\" alt=\"\" class=\"gallery-item-thumbnail\"><\/div><div class=\"gallery-item-caption-wrap caption-style-hoverer eael-none\"><div class=\"gallery-item-hoverer-bg\"><\/div><div class=\"gallery-item-caption-over\"><\/div><\/div><\/a><\/a><\/div><\/div><div class=\"eael-filterable-gallery-item-wrap\">\n\t\t\t\t<div class=\"eael-gallery-grid-item\"><a href=\"https:\/\/barbarafluxa.com\/wp-content\/uploads\/2021\/03\/fabricaluz02.jpg\" class=\"eael-magnific-link eael-magnific-link-clone active media-content-wrap active\" data-elementor-open-lightbox=\"no\" title=\"\"><div class=\"gallery-item-thumbnail-wrap\"><img decoding=\"async\" src=\"https:\/\/barbarafluxa.com\/wp-content\/uploads\/2021\/03\/fabricaluz02.jpg\" data-lazy-src=\"https:\/\/barbarafluxa.com\/wp-content\/uploads\/2021\/03\/fabricaluz02.jpg\" alt=\"\" class=\"gallery-item-thumbnail\"><\/div><div class=\"gallery-item-caption-wrap caption-style-hoverer eael-none\"><div class=\"gallery-item-hoverer-bg\"><\/div><div class=\"gallery-item-caption-over\"><\/div><\/div><\/a><\/a><\/div><\/div><div class=\"eael-filterable-gallery-item-wrap\">\n\t\t\t\t<div class=\"eael-gallery-grid-item\"><a href=\"https:\/\/barbarafluxa.com\/wp-content\/uploads\/2021\/03\/fabricaluz03-scaled.jpg\" class=\"eael-magnific-link eael-magnific-link-clone active media-content-wrap active\" data-elementor-open-lightbox=\"no\" title=\"\"><div class=\"gallery-item-thumbnail-wrap\"><img decoding=\"async\" src=\"https:\/\/barbarafluxa.com\/wp-content\/uploads\/2021\/03\/fabricaluz03-scaled.jpg\" data-lazy-src=\"https:\/\/barbarafluxa.com\/wp-content\/uploads\/2021\/03\/fabricaluz03-scaled.jpg\" alt=\"\" class=\"gallery-item-thumbnail\"><\/div><div class=\"gallery-item-caption-wrap caption-style-hoverer eael-none\"><div class=\"gallery-item-hoverer-bg\"><\/div><div class=\"gallery-item-caption-over\"><\/div><\/div><\/a><\/a><\/div><\/div><div class=\"eael-filterable-gallery-item-wrap\">\n\t\t\t\t<div class=\"eael-gallery-grid-item\"><a href=\"https:\/\/barbarafluxa.com\/wp-content\/uploads\/2021\/03\/fabricaluz04.jpg\" class=\"eael-magnific-link eael-magnific-link-clone active media-content-wrap active\" data-elementor-open-lightbox=\"no\" title=\"\"><div class=\"gallery-item-thumbnail-wrap\"><img decoding=\"async\" src=\"https:\/\/barbarafluxa.com\/wp-content\/uploads\/2021\/03\/fabricaluz04.jpg\" data-lazy-src=\"https:\/\/barbarafluxa.com\/wp-content\/uploads\/2021\/03\/fabricaluz04.jpg\" alt=\"\" class=\"gallery-item-thumbnail\"><\/div><div class=\"gallery-item-caption-wrap caption-style-hoverer eael-none\"><div class=\"gallery-item-hoverer-bg\"><\/div><div class=\"gallery-item-caption-over\"><\/div><\/div><\/a><\/a><\/div><\/div>            <\/div>\n            \n                    <\/div>\n        \n        \t\t<\/div>\n\t\t\t\t<\/div>\n\t\t\t\t\t<\/div>\n\t\t<\/div>\n\t\t\t\t\t<\/div>\n\t\t<\/section>\n\t\t\t\t<section class=\"elementor-section elementor-top-section elementor-element elementor-element-3541eb2 elementor-section-boxed elementor-section-height-default elementor-section-height-default\" data-id=\"3541eb2\" data-element_type=\"section\" data-settings=\"{&quot;_ha_eqh_enable&quot;:false}\">\n\t\t\t\t\t\t<div class=\"elementor-container elementor-column-gap-default\">\n\t\t\t\t\t<div class=\"elementor-column elementor-col-25 elementor-top-column elementor-element elementor-element-1c20b02\" data-id=\"1c20b02\" data-element_type=\"column\">\n\t\t\t<div class=\"elementor-widget-wrap\">\n\t\t\t\t\t\t\t<\/div>\n\t\t<\/div>\n\t\t\t\t<div class=\"elementor-column elementor-col-25 elementor-top-column elementor-element elementor-element-1fc9826\" data-id=\"1fc9826\" data-element_type=\"column\">\n\t\t\t<div class=\"elementor-widget-wrap\">\n\t\t\t\t\t\t\t<\/div>\n\t\t<\/div>\n\t\t\t\t<div class=\"elementor-column elementor-col-25 elementor-top-column elementor-element elementor-element-20e1524\" data-id=\"20e1524\" data-element_type=\"column\">\n\t\t\t<div class=\"elementor-widget-wrap\">\n\t\t\t\t\t\t\t<\/div>\n\t\t<\/div>\n\t\t\t\t<div class=\"elementor-column elementor-col-25 elementor-top-column elementor-element elementor-element-3308e41\" data-id=\"3308e41\" data-element_type=\"column\">\n\t\t\t<div class=\"elementor-widget-wrap elementor-element-populated\">\n\t\t\t\t\t\t<div class=\"elementor-element elementor-element-62a7c0e elementor-widget elementor-widget-image\" data-id=\"62a7c0e\" data-element_type=\"widget\" data-widget_type=\"image.default\">\n\t\t\t\t<div class=\"elementor-widget-container\">\n\t\t\t\t\t\t\t\t\t\t\t\t\t\t<a href=\"https:\/\/barbarafluxa.com\/en\/obras-y-proyectos\/\">\n\t\t\t\t\t\t\t<img decoding=\"async\" width=\"150\" height=\"150\" src=\"https:\/\/barbarafluxa.com\/wp-content\/uploads\/2021\/04\/60577-150x150.png\" class=\"elementor-animation-shrink attachment-thumbnail size-thumbnail wp-image-14717\" alt=\"\" srcset=\"https:\/\/barbarafluxa.com\/wp-content\/uploads\/2021\/04\/60577-150x150.png 150w, https:\/\/barbarafluxa.com\/wp-content\/uploads\/2021\/04\/60577-300x300.png 300w, https:\/\/barbarafluxa.com\/wp-content\/uploads\/2021\/04\/60577.png 512w\" sizes=\"(max-width: 150px) 100vw, 150px\" \/>\t\t\t\t\t\t\t\t<\/a>\n\t\t\t\t\t\t\t\t\t\t\t\t\t<\/div>\n\t\t\t\t<\/div>\n\t\t\t\t\t<\/div>\n\t\t<\/div>\n\t\t\t\t\t<\/div>\n\t\t<\/section>\n\t\t\t\t<\/div>","protected":false},"excerpt":{"rendered":"<p>F\u00e1brica de luz 2006 Obra pl\u00e1stica pluridisciplinar. T\u00e9cnica mixta: impresi\u00f3n<\/p>","protected":false},"author":1,"featured_media":0,"parent":11884,"menu_order":0,"comment_status":"closed","ping_status":"closed","template":"","meta":{"footnotes":""},"class_list":["post-14050","page","type-page","status-publish"],"_links":{"self":[{"href":"https:\/\/barbarafluxa.com\/en\/wp-json\/wp\/v2\/pages\/14050","targetHints":{"allow":["GET"]}}],"collection":[{"href":"https:\/\/barbarafluxa.com\/en\/wp-json\/wp\/v2\/pages"}],"about":[{"href":"https:\/\/barbarafluxa.com\/en\/wp-json\/wp\/v2\/types\/page"}],"author":[{"embeddable":true,"href":"https:\/\/barbarafluxa.com\/en\/wp-json\/wp\/v2\/users\/1"}],"replies":[{"embeddable":true,"href":"https:\/\/barbarafluxa.com\/en\/wp-json\/wp\/v2\/comments?post=14050"}],"version-history":[{"count":31,"href":"https:\/\/barbarafluxa.com\/en\/wp-json\/wp\/v2\/pages\/14050\/revisions"}],"predecessor-version":[{"id":16663,"href":"https:\/\/barbarafluxa.com\/en\/wp-json\/wp\/v2\/pages\/14050\/revisions\/16663"}],"up":[{"embeddable":true,"href":"https:\/\/barbarafluxa.com\/en\/wp-json\/wp\/v2\/pages\/11884"}],"wp:attachment":[{"href":"https:\/\/barbarafluxa.com\/en\/wp-json\/wp\/v2\/media?parent=14050"}],"curies":[{"name":"wp","href":"https:\/\/api.w.org\/{rel}","templated":true}]}}