{"id":14132,"date":"2021-03-24T09:37:44","date_gmt":"2021-03-24T08:37:44","guid":{"rendered":"https:\/\/barbarafluxa.com\/?page_id=14132"},"modified":"2021-03-24T09:40:20","modified_gmt":"2021-03-24T08:40:20","slug":"still-life-i-xv","status":"publish","type":"page","link":"https:\/\/barbarafluxa.com\/en\/obras-y-proyectos\/still-life-i-xv\/","title":{"rendered":"Still Life I-XV"},"content":{"rendered":"<div data-elementor-type=\"wp-page\" data-elementor-id=\"14132\" class=\"elementor elementor-14132\" data-elementor-settings=\"{&quot;ha_cmc_init_switcher&quot;:&quot;no&quot;}\" data-elementor-post-type=\"page\">\n\t\t\t\t\t\t<section class=\"elementor-section elementor-top-section elementor-element elementor-element-0c657dc elementor-section-boxed elementor-section-height-default elementor-section-height-default\" data-id=\"0c657dc\" data-element_type=\"section\" data-settings=\"{&quot;background_background&quot;:&quot;classic&quot;,&quot;_ha_eqh_enable&quot;:false}\">\n\t\t\t\t\t\t<div class=\"elementor-container elementor-column-gap-default\">\n\t\t\t\t\t<div class=\"elementor-column elementor-col-100 elementor-top-column elementor-element elementor-element-2fae71d\" data-id=\"2fae71d\" data-element_type=\"column\">\n\t\t\t<div class=\"elementor-widget-wrap elementor-element-populated\">\n\t\t\t\t\t\t<div class=\"elementor-element elementor-element-c11295c elementor-widget elementor-widget-spacer\" data-id=\"c11295c\" data-element_type=\"widget\" data-widget_type=\"spacer.default\">\n\t\t\t\t<div class=\"elementor-widget-container\">\n\t\t\t\t\t<div class=\"elementor-spacer\">\n\t\t\t<div class=\"elementor-spacer-inner\"><\/div>\n\t\t<\/div>\n\t\t\t\t<\/div>\n\t\t\t\t<\/div>\n\t\t\t\t\t<\/div>\n\t\t<\/div>\n\t\t\t\t\t<\/div>\n\t\t<\/section>\n\t\t\t\t<section class=\"elementor-section elementor-top-section elementor-element elementor-element-ba068fb elementor-section-boxed elementor-section-height-default elementor-section-height-default\" data-id=\"ba068fb\" data-element_type=\"section\" data-settings=\"{&quot;_ha_eqh_enable&quot;:false}\">\n\t\t\t\t\t\t<div class=\"elementor-container elementor-column-gap-default\">\n\t\t\t\t\t<div class=\"elementor-column elementor-col-25 elementor-top-column elementor-element elementor-element-9082a23\" data-id=\"9082a23\" data-element_type=\"column\">\n\t\t\t<div class=\"elementor-widget-wrap\">\n\t\t\t\t\t\t\t<\/div>\n\t\t<\/div>\n\t\t\t\t<div class=\"elementor-column elementor-col-50 elementor-top-column elementor-element elementor-element-ed9d246\" data-id=\"ed9d246\" data-element_type=\"column\">\n\t\t\t<div class=\"elementor-widget-wrap elementor-element-populated\">\n\t\t\t\t\t\t<div class=\"elementor-element elementor-element-fd876c2 elementor-widget elementor-widget-spacer\" data-id=\"fd876c2\" data-element_type=\"widget\" data-widget_type=\"spacer.default\">\n\t\t\t\t<div class=\"elementor-widget-container\">\n\t\t\t\t\t<div class=\"elementor-spacer\">\n\t\t\t<div class=\"elementor-spacer-inner\"><\/div>\n\t\t<\/div>\n\t\t\t\t<\/div>\n\t\t\t\t<\/div>\n\t\t\t\t<div class=\"elementor-element elementor-element-d11ed3b elementor-widget elementor-widget-heading\" data-id=\"d11ed3b\" data-element_type=\"widget\" data-widget_type=\"heading.default\">\n\t\t\t\t<div class=\"elementor-widget-container\">\n\t\t\t<h2 class=\"elementor-heading-title elementor-size-default\">Still Life I-XV<\/h2>\t\t<\/div>\n\t\t\t\t<\/div>\n\t\t\t\t\t<\/div>\n\t\t<\/div>\n\t\t\t\t<div class=\"elementor-column elementor-col-25 elementor-top-column elementor-element elementor-element-65bd012\" data-id=\"65bd012\" data-element_type=\"column\">\n\t\t\t<div class=\"elementor-widget-wrap\">\n\t\t\t\t\t\t\t<\/div>\n\t\t<\/div>\n\t\t\t\t\t<\/div>\n\t\t<\/section>\n\t\t\t\t<section class=\"elementor-section elementor-top-section elementor-element elementor-element-825cd39 elementor-section-boxed elementor-section-height-default elementor-section-height-default\" data-id=\"825cd39\" data-element_type=\"section\" data-settings=\"{&quot;_ha_eqh_enable&quot;:false}\">\n\t\t\t\t\t\t<div class=\"elementor-container elementor-column-gap-default\">\n\t\t\t\t\t<div class=\"elementor-column elementor-col-100 elementor-top-column elementor-element elementor-element-89c11d9\" data-id=\"89c11d9\" data-element_type=\"column\">\n\t\t\t<div class=\"elementor-widget-wrap elementor-element-populated\">\n\t\t\t\t\t\t<div class=\"elementor-element elementor-element-ad90223 elementor-widget elementor-widget-spacer\" data-id=\"ad90223\" data-element_type=\"widget\" data-widget_type=\"spacer.default\">\n\t\t\t\t<div class=\"elementor-widget-container\">\n\t\t\t\t\t<div class=\"elementor-spacer\">\n\t\t\t<div class=\"elementor-spacer-inner\"><\/div>\n\t\t<\/div>\n\t\t\t\t<\/div>\n\t\t\t\t<\/div>\n\t\t\t\t\t<\/div>\n\t\t<\/div>\n\t\t\t\t\t<\/div>\n\t\t<\/section>\n\t\t\t\t<section class=\"elementor-section elementor-top-section elementor-element elementor-element-e6b0884 elementor-section-boxed elementor-section-height-default elementor-section-height-default\" data-id=\"e6b0884\" data-element_type=\"section\" data-settings=\"{&quot;_ha_eqh_enable&quot;:false}\">\n\t\t\t\t\t\t<div class=\"elementor-container elementor-column-gap-default\">\n\t\t\t\t\t<div class=\"elementor-column elementor-col-25 elementor-top-column elementor-element elementor-element-a6e8aba\" data-id=\"a6e8aba\" data-element_type=\"column\">\n\t\t\t<div class=\"elementor-widget-wrap\">\n\t\t\t\t\t\t\t<\/div>\n\t\t<\/div>\n\t\t\t\t<div class=\"elementor-column elementor-col-25 elementor-top-column elementor-element elementor-element-2eba1c8\" data-id=\"2eba1c8\" data-element_type=\"column\">\n\t\t\t<div class=\"elementor-widget-wrap elementor-element-populated\">\n\t\t\t\t\t\t<div class=\"elementor-element elementor-element-0e5c5e3 elementor-widget elementor-widget-text-editor\" data-id=\"0e5c5e3\" data-element_type=\"widget\" data-widget_type=\"text-editor.default\">\n\t\t\t\t<div class=\"elementor-widget-container\">\n\t\t\t\t\t\t\t<p><strong><span style=\"color: #000000;\">2005<\/span><\/strong><\/p><p>Fotograf\u00eda color sobre papel kodak montada sobre foam y marco blanco.<\/p><p><span style=\"font-weight: bold;\">Medidas:<\/span> 160x125cm.<\/p><p>Escultura en t\u00e9cnica mixta: hierro, madera y pl\u00e1stico<\/p><p><span style=\"font-weight: bold;\">Medidas: <\/span>50x100x50cm<\/p><p>Ejemplar \u00fanico.<\/p><p><strong>Edici\u00f3n:<\/strong> Tirada de 3 ejemplares + 1 A\/C + E\/C<\/p><p><strong>Expuesto en: <\/strong>Galer\u00eda Artificial (Madrid), Sala Gran Capit\u00e1n (Granada), Artes-les (Cantabria), UCD (Dubl\u00edn).<\/p><p>\u00a0<\/p>\t\t\t\t\t\t<\/div>\n\t\t\t\t<\/div>\n\t\t\t\t\t<\/div>\n\t\t<\/div>\n\t\t\t\t<div class=\"elementor-column elementor-col-25 elementor-top-column elementor-element elementor-element-e5fb6b9\" data-id=\"e5fb6b9\" data-element_type=\"column\">\n\t\t\t<div class=\"elementor-widget-wrap elementor-element-populated\">\n\t\t\t\t\t\t<div class=\"elementor-element elementor-element-b4626a0 elementor-widget elementor-widget-text-editor\" data-id=\"b4626a0\" data-element_type=\"widget\" data-widget_type=\"text-editor.default\">\n\t\t\t\t<div class=\"elementor-widget-container\">\n\t\t\t\t\t\t\t<p>\u00a0 \u00a0 \u00a0 \u00a0 \u00a0 \u00a0La instalaci\u00f3n con t\u00edtulo Nevera, es un buen ejemplo de las obras que conforman el proyecto Des(h)echos el cual llevo desarrollando durante los \u00faltimos a\u00f1os. Este proyecto est\u00e1 centrado en la consideraci\u00f3n de los restos de nuestra sociedad consumista como parte y reflejo de nuestra cultura material.<\/p><p><br \/>Una vez que hemos superado el rechazo e indignaci\u00f3n del encuentro de desechos abandonados en un entorno natural, se adopta una posici\u00f3n<br \/>positiva y constructiva sobre estos acontecimientos; adoptando la estrategia del artista como \u201carque\u00f3logo\u201d o \u201cantrop\u00f3logo\u201d como modo de producci\u00f3n.<\/p><p><br \/>Esta instalaci\u00f3n muestra, mediante una fotograf\u00eda de gran formato, el hallazgo de una nevera abandonada en una playa, y frente a ella, esta misma nevera rescatada del olvido, limpiada y reconstruida. Pero la nevera no se exhibe como ready-made o como un simple objeto encontrado, sino que siguiendo el m\u00e9todo arqueol\u00f3gico tradicional, se han reconstruido aquellas partes que hab\u00edan desaparecido o que estaban destrozadas.<br \/>Este objeto dom\u00e9stico indispensable desde mediados del S.XX, es clave para entender el tipo de consumismo que caracteriza la sociedad actual, y como tal se presenta, como un est\u00edmulo a la reflexi\u00f3n sobre nuestra culturamaterial. El objeto tirado y destruido se trasmuta en recordatorio necesario y ancestral.<\/p>\t\t\t\t\t\t<\/div>\n\t\t\t\t<\/div>\n\t\t\t\t\t<\/div>\n\t\t<\/div>\n\t\t\t\t<div class=\"elementor-column elementor-col-25 elementor-top-column elementor-element elementor-element-8959639\" data-id=\"8959639\" data-element_type=\"column\">\n\t\t\t<div class=\"elementor-widget-wrap\">\n\t\t\t\t\t\t\t<\/div>\n\t\t<\/div>\n\t\t\t\t\t<\/div>\n\t\t<\/section>\n\t\t\t\t<section class=\"elementor-section elementor-top-section elementor-element elementor-element-94bee50 elementor-section-boxed elementor-section-height-default elementor-section-height-default\" data-id=\"94bee50\" data-element_type=\"section\" data-settings=\"{&quot;_ha_eqh_enable&quot;:false}\">\n\t\t\t\t\t\t<div class=\"elementor-container elementor-column-gap-default\">\n\t\t\t\t\t<div class=\"elementor-column elementor-col-100 elementor-top-column elementor-element elementor-element-2d2aa90\" data-id=\"2d2aa90\" data-element_type=\"column\">\n\t\t\t<div class=\"elementor-widget-wrap elementor-element-populated\">\n\t\t\t\t\t\t<div class=\"elementor-element elementor-element-d774bb9 elementor-widget elementor-widget-spacer\" data-id=\"d774bb9\" data-element_type=\"widget\" data-widget_type=\"spacer.default\">\n\t\t\t\t<div class=\"elementor-widget-container\">\n\t\t\t\t\t<div class=\"elementor-spacer\">\n\t\t\t<div class=\"elementor-spacer-inner\"><\/div>\n\t\t<\/div>\n\t\t\t\t<\/div>\n\t\t\t\t<\/div>\n\t\t\t\t<div class=\"elementor-element elementor-element-4a60a1d eael-fg-hoverer-content-align-left elementor-widget elementor-widget-eael-filterable-gallery\" data-id=\"4a60a1d\" data-element_type=\"widget\" data-settings=\"{&quot;photo_gallery&quot;:&quot;yes&quot;,&quot;pagination&quot;:&quot;false&quot;}\" data-widget_type=\"eael-filterable-gallery.default\">\n\t\t\t\t<div class=\"elementor-widget-container\">\n\t\t\t<style id=\"eael-fg-inline-css-4a60a1d\">@media only screen and (max-width: 2399px) {\n\t\t\t\t\t.elementor-element.elementor-element-4a60a1d .eael-filterable-gallery-item-wrap {\n\t\t\t\t\t        width: 33.333333333333%;\n\t\t\t\t\t    }\n\t\t\t\t\t}@media only screen and (max-width: 1024px) {\n\t\t\t\t\t.elementor-element.elementor-element-4a60a1d  .eael-filterable-gallery-item-wrap {\n\t\t\t\t\t        width: 50%;\n\t\t\t\t\t    }\n\t\t\t\t\t}@media only screen and (max-width: 767px) {\n\t\t\t\t\t.elementor-element.elementor-element-4a60a1d  .eael-filterable-gallery-item-wrap {\n\t\t\t\t\t        width: 100%;\n\t\t\t\t\t    }\n\t\t\t\t\t}<\/style>        <div id=\"eael-filter-gallery-wrapper-4a60a1d\" class=\"eael-filter-gallery-wrapper\" data-layout-mode=\"hoverer\" data-breakpoints=\"{&quot;mobile&quot;:{&quot;label&quot;:&quot;Mobile Portrait&quot;,&quot;value&quot;:767,&quot;default_value&quot;:767,&quot;direction&quot;:&quot;max&quot;,&quot;is_enabled&quot;:true},&quot;mobile_extra&quot;:{&quot;label&quot;:&quot;Mobile Landscape&quot;,&quot;value&quot;:880,&quot;default_value&quot;:880,&quot;direction&quot;:&quot;max&quot;,&quot;is_enabled&quot;:false},&quot;tablet&quot;:{&quot;label&quot;:&quot;Tablet Portrait&quot;,&quot;value&quot;:1024,&quot;default_value&quot;:1024,&quot;direction&quot;:&quot;max&quot;,&quot;is_enabled&quot;:true},&quot;tablet_extra&quot;:{&quot;label&quot;:&quot;Tablet Landscape&quot;,&quot;value&quot;:1200,&quot;default_value&quot;:1200,&quot;direction&quot;:&quot;max&quot;,&quot;is_enabled&quot;:false},&quot;laptop&quot;:{&quot;label&quot;:&quot;Laptop&quot;,&quot;value&quot;:1366,&quot;default_value&quot;:1366,&quot;direction&quot;:&quot;max&quot;,&quot;is_enabled&quot;:false},&quot;widescreen&quot;:{&quot;label&quot;:&quot;Widescreen&quot;,&quot;value&quot;:2400,&quot;default_value&quot;:2400,&quot;direction&quot;:&quot;min&quot;,&quot;is_enabled&quot;:false}}\" data-default_control_key=\"0\" data-custom_default_control=\"1\">\n            \n            \n            <div class=\"eael-filter-gallery-container eael-filter-gallery-grid\" data-images-per-page=\"\" data-total-gallery-items=\"5\" data-nomore-item-text=\"\" data-settings=\"{&quot;grid_style&quot;:&quot;grid&quot;,&quot;popup&quot;:&quot;none&quot;,&quot;duration&quot;:500,&quot;gallery_enabled&quot;:&quot;yes&quot;,&quot;video_gallery_yt_privacy&quot;:&quot;&quot;,&quot;control_all_text&quot;:null,&quot;post_id&quot;:14132,&quot;widget_id&quot;:&quot;4a60a1d&quot;}\" data-search-all=\"\" data-gallery-items=\"[&quot;\\u003Cdiv class=\\u0022eael-filterable-gallery-item-wrap\\u0022\\u003E\\n\\t\\t\\t\\t\\u003Cdiv class=\\u0022eael-gallery-grid-item\\u0022\\u003E\\u003Ca href=\\u0022https:\\\/\\\/barbarafluxa.com\\\/wp-content\\\/uploads\\\/2021\\\/03\\\/nevera01.jpg\\u0022 class=\\u0022eael-magnific-link eael-magnific-link-clone active media-content-wrap active\\u0022 data-elementor-open-lightbox=\\u0022no\\u0022 title=\\u0022\\u0022\\u003E\\u003Cdiv class=\\u0022gallery-item-thumbnail-wrap\\u0022\\u003E\\u003Cimg src=\\u0022https:\\\/\\\/barbarafluxa.com\\\/wp-content\\\/uploads\\\/2021\\\/03\\\/nevera01.jpg\\u0022 data-lazy-src=\\u0022https:\\\/\\\/barbarafluxa.com\\\/wp-content\\\/uploads\\\/2021\\\/03\\\/nevera01.jpg\\u0022 alt=\\u0022\\u0022 class=\\u0022gallery-item-thumbnail\\u0022\\u003E\\u003C\\\/div\\u003E\\u003Cdiv class=\\u0022gallery-item-caption-wrap caption-style-hoverer eael-none\\u0022\\u003E\\u003Cdiv class=\\u0022gallery-item-hoverer-bg\\u0022\\u003E\\u003C\\\/div\\u003E\\u003Cdiv class=\\u0022gallery-item-caption-over\\u0022\\u003E\\u003Ch5 class=\\u0022fg-item-title\\u0022\\u003EGallery Item Name\\u003C\\\/h5\\u003E\\u003Cdiv class=\\u0022fg-item-content\\u0022\\u003E\\u003Cp\\u003ELorem ipsum dolor sit amet, consectetur adipisicing elit. Quidem, provident.\\u003C\\\/p\\u003E\\n\\u003C\\\/div\\u003E\\u003C\\\/div\\u003E\\u003C\\\/div\\u003E\\u003C\\\/a\\u003E\\u003C\\\/a\\u003E\\u003C\\\/div\\u003E\\u003C\\\/div\\u003E&quot;,&quot;\\u003Cdiv class=\\u0022eael-filterable-gallery-item-wrap\\u0022\\u003E\\n\\t\\t\\t\\t\\u003Cdiv class=\\u0022eael-gallery-grid-item\\u0022\\u003E\\u003Ca href=\\u0022https:\\\/\\\/barbarafluxa.com\\\/wp-content\\\/uploads\\\/2021\\\/03\\\/nevera02.jpg\\u0022 class=\\u0022eael-magnific-link eael-magnific-link-clone active media-content-wrap active\\u0022 data-elementor-open-lightbox=\\u0022no\\u0022 title=\\u0022\\u0022\\u003E\\u003Cdiv class=\\u0022gallery-item-thumbnail-wrap\\u0022\\u003E\\u003Cimg src=\\u0022https:\\\/\\\/barbarafluxa.com\\\/wp-content\\\/uploads\\\/2021\\\/03\\\/nevera02.jpg\\u0022 data-lazy-src=\\u0022https:\\\/\\\/barbarafluxa.com\\\/wp-content\\\/uploads\\\/2021\\\/03\\\/nevera02.jpg\\u0022 alt=\\u0022\\u0022 class=\\u0022gallery-item-thumbnail\\u0022\\u003E\\u003C\\\/div\\u003E\\u003Cdiv class=\\u0022gallery-item-caption-wrap caption-style-hoverer eael-none\\u0022\\u003E\\u003Cdiv class=\\u0022gallery-item-hoverer-bg\\u0022\\u003E\\u003C\\\/div\\u003E\\u003Cdiv class=\\u0022gallery-item-caption-over\\u0022\\u003E\\u003Ch5 class=\\u0022fg-item-title\\u0022\\u003EGallery Item Name\\u003C\\\/h5\\u003E\\u003Cdiv class=\\u0022fg-item-content\\u0022\\u003E\\u003Cp\\u003ELorem ipsum dolor sit amet, consectetur adipisicing elit. Quidem, provident.\\u003C\\\/p\\u003E\\n\\u003C\\\/div\\u003E\\u003C\\\/div\\u003E\\u003C\\\/div\\u003E\\u003C\\\/a\\u003E\\u003C\\\/a\\u003E\\u003C\\\/div\\u003E\\u003C\\\/div\\u003E&quot;,&quot;\\u003Cdiv class=\\u0022eael-filterable-gallery-item-wrap\\u0022\\u003E\\n\\t\\t\\t\\t\\u003Cdiv class=\\u0022eael-gallery-grid-item\\u0022\\u003E\\u003Ca href=\\u0022https:\\\/\\\/barbarafluxa.com\\\/wp-content\\\/uploads\\\/2021\\\/03\\\/nevera03.jpg\\u0022 class=\\u0022eael-magnific-link eael-magnific-link-clone active media-content-wrap active\\u0022 data-elementor-open-lightbox=\\u0022no\\u0022 title=\\u0022\\u0022\\u003E\\u003Cdiv class=\\u0022gallery-item-thumbnail-wrap\\u0022\\u003E\\u003Cimg src=\\u0022https:\\\/\\\/barbarafluxa.com\\\/wp-content\\\/uploads\\\/2021\\\/03\\\/nevera03.jpg\\u0022 data-lazy-src=\\u0022https:\\\/\\\/barbarafluxa.com\\\/wp-content\\\/uploads\\\/2021\\\/03\\\/nevera03.jpg\\u0022 alt=\\u0022\\u0022 class=\\u0022gallery-item-thumbnail\\u0022\\u003E\\u003C\\\/div\\u003E\\u003Cdiv class=\\u0022gallery-item-caption-wrap caption-style-hoverer eael-none\\u0022\\u003E\\u003Cdiv class=\\u0022gallery-item-hoverer-bg\\u0022\\u003E\\u003C\\\/div\\u003E\\u003Cdiv class=\\u0022gallery-item-caption-over\\u0022\\u003E\\u003Ch5 class=\\u0022fg-item-title\\u0022\\u003EGallery Item Name\\u003C\\\/h5\\u003E\\u003Cdiv class=\\u0022fg-item-content\\u0022\\u003E\\u003Cp\\u003ELorem ipsum dolor sit amet, consectetur adipisicing elit. Quidem, provident.\\u003C\\\/p\\u003E\\n\\u003C\\\/div\\u003E\\u003C\\\/div\\u003E\\u003C\\\/div\\u003E\\u003C\\\/a\\u003E\\u003C\\\/a\\u003E\\u003C\\\/div\\u003E\\u003C\\\/div\\u003E&quot;,&quot;\\u003Cdiv class=\\u0022eael-filterable-gallery-item-wrap\\u0022\\u003E\\n\\t\\t\\t\\t\\u003Cdiv class=\\u0022eael-gallery-grid-item\\u0022\\u003E\\u003Ca href=\\u0022https:\\\/\\\/barbarafluxa.com\\\/wp-content\\\/uploads\\\/2021\\\/03\\\/nevera04.jpg\\u0022 class=\\u0022eael-magnific-link eael-magnific-link-clone active media-content-wrap active\\u0022 data-elementor-open-lightbox=\\u0022no\\u0022 title=\\u0022\\u0022\\u003E\\u003Cdiv class=\\u0022gallery-item-thumbnail-wrap\\u0022\\u003E\\u003Cimg src=\\u0022https:\\\/\\\/barbarafluxa.com\\\/wp-content\\\/uploads\\\/2021\\\/03\\\/nevera04.jpg\\u0022 data-lazy-src=\\u0022https:\\\/\\\/barbarafluxa.com\\\/wp-content\\\/uploads\\\/2021\\\/03\\\/nevera04.jpg\\u0022 alt=\\u0022\\u0022 class=\\u0022gallery-item-thumbnail\\u0022\\u003E\\u003C\\\/div\\u003E\\u003Cdiv class=\\u0022gallery-item-caption-wrap caption-style-hoverer eael-none\\u0022\\u003E\\u003Cdiv class=\\u0022gallery-item-hoverer-bg\\u0022\\u003E\\u003C\\\/div\\u003E\\u003Cdiv class=\\u0022gallery-item-caption-over\\u0022\\u003E\\u003Ch5 class=\\u0022fg-item-title\\u0022\\u003EGallery Item Name\\u003C\\\/h5\\u003E\\u003Cdiv class=\\u0022fg-item-content\\u0022\\u003E\\u003Cp\\u003ELorem ipsum dolor sit amet, consectetur adipisicing elit. Quidem, provident.\\u003C\\\/p\\u003E\\n\\u003C\\\/div\\u003E\\u003C\\\/div\\u003E\\u003C\\\/div\\u003E\\u003C\\\/a\\u003E\\u003C\\\/a\\u003E\\u003C\\\/div\\u003E\\u003C\\\/div\\u003E&quot;,&quot;\\u003Cdiv class=\\u0022eael-filterable-gallery-item-wrap\\u0022\\u003E\\n\\t\\t\\t\\t\\u003Cdiv class=\\u0022eael-gallery-grid-item\\u0022\\u003E\\u003Ca href=\\u0022https:\\\/\\\/barbarafluxa.com\\\/wp-content\\\/uploads\\\/2021\\\/03\\\/nevera05.jpg\\u0022 class=\\u0022eael-magnific-link eael-magnific-link-clone active media-content-wrap active\\u0022 data-elementor-open-lightbox=\\u0022no\\u0022 title=\\u0022\\u0022\\u003E\\u003Cdiv class=\\u0022gallery-item-thumbnail-wrap\\u0022\\u003E\\u003Cimg src=\\u0022https:\\\/\\\/barbarafluxa.com\\\/wp-content\\\/uploads\\\/2021\\\/03\\\/nevera05.jpg\\u0022 data-lazy-src=\\u0022https:\\\/\\\/barbarafluxa.com\\\/wp-content\\\/uploads\\\/2021\\\/03\\\/nevera05.jpg\\u0022 alt=\\u0022\\u0022 class=\\u0022gallery-item-thumbnail\\u0022\\u003E\\u003C\\\/div\\u003E\\u003Cdiv class=\\u0022gallery-item-caption-wrap caption-style-hoverer eael-none\\u0022\\u003E\\u003Cdiv class=\\u0022gallery-item-hoverer-bg\\u0022\\u003E\\u003C\\\/div\\u003E\\u003Cdiv class=\\u0022gallery-item-caption-over\\u0022\\u003E\\u003Ch5 class=\\u0022fg-item-title\\u0022\\u003EGallery Item Name\\u003C\\\/h5\\u003E\\u003Cdiv class=\\u0022fg-item-content\\u0022\\u003E\\u003Cp\\u003ELorem ipsum dolor sit amet, consectetur adipisicing elit. Quidem, provident.\\u003C\\\/p\\u003E\\n\\u003C\\\/div\\u003E\\u003C\\\/div\\u003E\\u003C\\\/div\\u003E\\u003C\\\/a\\u003E\\u003C\\\/a\\u003E\\u003C\\\/div\\u003E\\u003C\\\/div\\u003E&quot;]\" data-init-show=\"15\">\n                <div class=\"eael-filterable-gallery-item-wrap\">\n\t\t\t\t<div class=\"eael-gallery-grid-item\"><a href=\"https:\/\/barbarafluxa.com\/wp-content\/uploads\/2021\/03\/nevera01.jpg\" class=\"eael-magnific-link eael-magnific-link-clone active media-content-wrap active\" data-elementor-open-lightbox=\"no\" title=\"\"><div class=\"gallery-item-thumbnail-wrap\"><img decoding=\"async\" src=\"https:\/\/barbarafluxa.com\/wp-content\/uploads\/2021\/03\/nevera01.jpg\" data-lazy-src=\"https:\/\/barbarafluxa.com\/wp-content\/uploads\/2021\/03\/nevera01.jpg\" alt=\"\" class=\"gallery-item-thumbnail\"><\/div><div class=\"gallery-item-caption-wrap caption-style-hoverer eael-none\"><div class=\"gallery-item-hoverer-bg\"><\/div><div class=\"gallery-item-caption-over\"><h5 class=\"fg-item-title\">Gallery Item Name<\/h5><div class=\"fg-item-content\"><p>Lorem ipsum dolor sit amet, consectetur adipisicing elit. Quidem, provident.<\/p>\n<\/div><\/div><\/div><\/a><\/a><\/div><\/div><div class=\"eael-filterable-gallery-item-wrap\">\n\t\t\t\t<div class=\"eael-gallery-grid-item\"><a href=\"https:\/\/barbarafluxa.com\/wp-content\/uploads\/2021\/03\/nevera02.jpg\" class=\"eael-magnific-link eael-magnific-link-clone active media-content-wrap active\" data-elementor-open-lightbox=\"no\" title=\"\"><div class=\"gallery-item-thumbnail-wrap\"><img decoding=\"async\" src=\"https:\/\/barbarafluxa.com\/wp-content\/uploads\/2021\/03\/nevera02.jpg\" data-lazy-src=\"https:\/\/barbarafluxa.com\/wp-content\/uploads\/2021\/03\/nevera02.jpg\" alt=\"\" class=\"gallery-item-thumbnail\"><\/div><div class=\"gallery-item-caption-wrap caption-style-hoverer eael-none\"><div class=\"gallery-item-hoverer-bg\"><\/div><div class=\"gallery-item-caption-over\"><h5 class=\"fg-item-title\">Gallery Item Name<\/h5><div class=\"fg-item-content\"><p>Lorem ipsum dolor sit amet, consectetur adipisicing elit. Quidem, provident.<\/p>\n<\/div><\/div><\/div><\/a><\/a><\/div><\/div><div class=\"eael-filterable-gallery-item-wrap\">\n\t\t\t\t<div class=\"eael-gallery-grid-item\"><a href=\"https:\/\/barbarafluxa.com\/wp-content\/uploads\/2021\/03\/nevera03.jpg\" class=\"eael-magnific-link eael-magnific-link-clone active media-content-wrap active\" data-elementor-open-lightbox=\"no\" title=\"\"><div class=\"gallery-item-thumbnail-wrap\"><img decoding=\"async\" src=\"https:\/\/barbarafluxa.com\/wp-content\/uploads\/2021\/03\/nevera03.jpg\" data-lazy-src=\"https:\/\/barbarafluxa.com\/wp-content\/uploads\/2021\/03\/nevera03.jpg\" alt=\"\" class=\"gallery-item-thumbnail\"><\/div><div class=\"gallery-item-caption-wrap caption-style-hoverer eael-none\"><div class=\"gallery-item-hoverer-bg\"><\/div><div class=\"gallery-item-caption-over\"><h5 class=\"fg-item-title\">Gallery Item Name<\/h5><div class=\"fg-item-content\"><p>Lorem ipsum dolor sit amet, consectetur adipisicing elit. Quidem, provident.<\/p>\n<\/div><\/div><\/div><\/a><\/a><\/div><\/div><div class=\"eael-filterable-gallery-item-wrap\">\n\t\t\t\t<div class=\"eael-gallery-grid-item\"><a href=\"https:\/\/barbarafluxa.com\/wp-content\/uploads\/2021\/03\/nevera04.jpg\" class=\"eael-magnific-link eael-magnific-link-clone active media-content-wrap active\" data-elementor-open-lightbox=\"no\" title=\"\"><div class=\"gallery-item-thumbnail-wrap\"><img decoding=\"async\" src=\"https:\/\/barbarafluxa.com\/wp-content\/uploads\/2021\/03\/nevera04.jpg\" data-lazy-src=\"https:\/\/barbarafluxa.com\/wp-content\/uploads\/2021\/03\/nevera04.jpg\" alt=\"\" class=\"gallery-item-thumbnail\"><\/div><div class=\"gallery-item-caption-wrap caption-style-hoverer eael-none\"><div class=\"gallery-item-hoverer-bg\"><\/div><div class=\"gallery-item-caption-over\"><h5 class=\"fg-item-title\">Gallery Item Name<\/h5><div class=\"fg-item-content\"><p>Lorem ipsum dolor sit amet, consectetur adipisicing elit. Quidem, provident.<\/p>\n<\/div><\/div><\/div><\/a><\/a><\/div><\/div><div class=\"eael-filterable-gallery-item-wrap\">\n\t\t\t\t<div class=\"eael-gallery-grid-item\"><a href=\"https:\/\/barbarafluxa.com\/wp-content\/uploads\/2021\/03\/nevera05.jpg\" class=\"eael-magnific-link eael-magnific-link-clone active media-content-wrap active\" data-elementor-open-lightbox=\"no\" title=\"\"><div class=\"gallery-item-thumbnail-wrap\"><img decoding=\"async\" src=\"https:\/\/barbarafluxa.com\/wp-content\/uploads\/2021\/03\/nevera05.jpg\" data-lazy-src=\"https:\/\/barbarafluxa.com\/wp-content\/uploads\/2021\/03\/nevera05.jpg\" alt=\"\" class=\"gallery-item-thumbnail\"><\/div><div class=\"gallery-item-caption-wrap caption-style-hoverer eael-none\"><div class=\"gallery-item-hoverer-bg\"><\/div><div class=\"gallery-item-caption-over\"><h5 class=\"fg-item-title\">Gallery Item Name<\/h5><div class=\"fg-item-content\"><p>Lorem ipsum dolor sit amet, consectetur adipisicing elit. Quidem, provident.<\/p>\n<\/div><\/div><\/div><\/a><\/a><\/div><\/div>            <\/div>\n            \n                    <\/div>\n        \n        \t\t<\/div>\n\t\t\t\t<\/div>\n\t\t\t\t\t<\/div>\n\t\t<\/div>\n\t\t\t\t\t<\/div>\n\t\t<\/section>\n\t\t\t\t<\/div>","protected":false},"excerpt":{"rendered":"<p>Still Life I-XV 2005 Fotograf\u00eda color sobre papel kodak montada<\/p>","protected":false},"author":1,"featured_media":0,"parent":11884,"menu_order":0,"comment_status":"closed","ping_status":"closed","template":"","meta":{"footnotes":""},"class_list":["post-14132","page","type-page","status-publish"],"_links":{"self":[{"href":"https:\/\/barbarafluxa.com\/en\/wp-json\/wp\/v2\/pages\/14132","targetHints":{"allow":["GET"]}}],"collection":[{"href":"https:\/\/barbarafluxa.com\/en\/wp-json\/wp\/v2\/pages"}],"about":[{"href":"https:\/\/barbarafluxa.com\/en\/wp-json\/wp\/v2\/types\/page"}],"author":[{"embeddable":true,"href":"https:\/\/barbarafluxa.com\/en\/wp-json\/wp\/v2\/users\/1"}],"replies":[{"embeddable":true,"href":"https:\/\/barbarafluxa.com\/en\/wp-json\/wp\/v2\/comments?post=14132"}],"version-history":[{"count":4,"href":"https:\/\/barbarafluxa.com\/en\/wp-json\/wp\/v2\/pages\/14132\/revisions"}],"predecessor-version":[{"id":14136,"href":"https:\/\/barbarafluxa.com\/en\/wp-json\/wp\/v2\/pages\/14132\/revisions\/14136"}],"up":[{"embeddable":true,"href":"https:\/\/barbarafluxa.com\/en\/wp-json\/wp\/v2\/pages\/11884"}],"wp:attachment":[{"href":"https:\/\/barbarafluxa.com\/en\/wp-json\/wp\/v2\/media?parent=14132"}],"curies":[{"name":"wp","href":"https:\/\/api.w.org\/{rel}","templated":true}]}}