{"id":15914,"date":"2023-03-07T10:45:07","date_gmt":"2023-03-07T09:45:07","guid":{"rendered":"https:\/\/barbarafluxa.com\/?page_id=15914"},"modified":"2023-03-07T11:25:36","modified_gmt":"2023-03-07T10:25:36","slug":"biografia","status":"publish","type":"page","link":"https:\/\/barbarafluxa.com\/en\/info\/biografia\/","title":{"rendered":"Biograf\u00eda"},"content":{"rendered":"<div data-elementor-type=\"wp-page\" data-elementor-id=\"15914\" class=\"elementor elementor-15914\" data-elementor-settings=\"{&quot;ha_cmc_init_switcher&quot;:&quot;no&quot;}\" data-elementor-post-type=\"page\">\n\t\t\t\t\t\t<section class=\"elementor-section elementor-top-section elementor-element elementor-element-6e3a505 elementor-section-boxed elementor-section-height-default elementor-section-height-default\" data-id=\"6e3a505\" data-element_type=\"section\" data-settings=\"{&quot;_ha_eqh_enable&quot;:false}\">\n\t\t\t\t\t\t<div class=\"elementor-container elementor-column-gap-default\">\n\t\t\t\t\t<div class=\"elementor-column elementor-col-100 elementor-top-column elementor-element elementor-element-7626517\" data-id=\"7626517\" data-element_type=\"column\">\n\t\t\t<div class=\"elementor-widget-wrap elementor-element-populated\">\n\t\t\t\t\t\t<div class=\"elementor-element elementor-element-7a2d70a elementor-widget elementor-widget-writing-effect-headline\" data-id=\"7a2d70a\" data-element_type=\"widget\" data-widget_type=\"writing-effect-headline.default\">\n\t\t\t\t<div class=\"elementor-widget-container\">\n\t\t\t\t\t<h3 class=\"a13ree-written-headline\" data-speed=\"10\" data-loop=\"0\">\r\n\t\t\t\r\n\t\t\t\t\t\t\t<span class=\"written-lines elementor-screen-only\">BIOGRAF\u00cdA<\/span>\r\n\t\t\t\r\n\t\t\t\t\t<\/h3>\r\n\t\t\t\t<\/div>\n\t\t\t\t<\/div>\n\t\t\t\t\t<\/div>\n\t\t<\/div>\n\t\t\t\t\t<\/div>\n\t\t<\/section>\n\t\t\t\t<section class=\"elementor-section elementor-top-section elementor-element elementor-element-409cd35 elementor-section-boxed elementor-section-height-default elementor-section-height-default\" data-id=\"409cd35\" data-element_type=\"section\" data-settings=\"{&quot;_ha_eqh_enable&quot;:false}\">\n\t\t\t\t\t\t<div class=\"elementor-container elementor-column-gap-default\">\n\t\t\t\t\t<div class=\"elementor-column elementor-col-100 elementor-top-column elementor-element elementor-element-e70340a\" data-id=\"e70340a\" data-element_type=\"column\">\n\t\t\t<div class=\"elementor-widget-wrap elementor-element-populated\">\n\t\t\t\t\t\t<div class=\"elementor-element elementor-element-d5628e5 elementor-widget elementor-widget-image\" data-id=\"d5628e5\" data-element_type=\"widget\" data-widget_type=\"image.default\">\n\t\t\t\t<div class=\"elementor-widget-container\">\n\t\t\t\t\t\t\t\t\t\t\t\t\t<img fetchpriority=\"high\" decoding=\"async\" width=\"640\" height=\"260\" src=\"https:\/\/barbarafluxa.com\/wp-content\/uploads\/2023\/03\/barbara-fluxa-capturando-mar-1600x650-1.jpeg\" class=\"attachment-large size-large wp-image-15925\" alt=\"\" srcset=\"https:\/\/barbarafluxa.com\/wp-content\/uploads\/2023\/03\/barbara-fluxa-capturando-mar-1600x650-1.jpeg 640w, https:\/\/barbarafluxa.com\/wp-content\/uploads\/2023\/03\/barbara-fluxa-capturando-mar-1600x650-1-300x122.jpeg 300w\" sizes=\"(max-width: 640px) 100vw, 640px\" \/>\t\t\t\t\t\t\t\t\t\t\t\t\t<\/div>\n\t\t\t\t<\/div>\n\t\t\t\t\t<\/div>\n\t\t<\/div>\n\t\t\t\t\t<\/div>\n\t\t<\/section>\n\t\t\t\t<section class=\"elementor-section elementor-top-section elementor-element elementor-element-ba6d6f5 elementor-section-boxed elementor-section-height-default elementor-section-height-default\" data-id=\"ba6d6f5\" data-element_type=\"section\" data-settings=\"{&quot;_ha_eqh_enable&quot;:false}\">\n\t\t\t\t\t\t<div class=\"elementor-container elementor-column-gap-default\">\n\t\t\t\t\t<div class=\"elementor-column elementor-col-100 elementor-top-column elementor-element elementor-element-372b1a3\" data-id=\"372b1a3\" data-element_type=\"column\">\n\t\t\t<div class=\"elementor-widget-wrap elementor-element-populated\">\n\t\t\t\t\t\t<section class=\"elementor-section elementor-inner-section elementor-element elementor-element-1f02829 elementor-section-boxed elementor-section-height-default elementor-section-height-default\" data-id=\"1f02829\" data-element_type=\"section\" data-settings=\"{&quot;_ha_eqh_enable&quot;:false}\">\n\t\t\t\t\t\t<div class=\"elementor-container elementor-column-gap-default\">\n\t\t\t\t\t<div class=\"elementor-column elementor-col-33 elementor-inner-column elementor-element elementor-element-e032c20\" data-id=\"e032c20\" data-element_type=\"column\">\n\t\t\t<div class=\"elementor-widget-wrap\">\n\t\t\t\t\t\t\t<\/div>\n\t\t<\/div>\n\t\t\t\t<div class=\"elementor-column elementor-col-33 elementor-inner-column elementor-element elementor-element-c40ba8d\" data-id=\"c40ba8d\" data-element_type=\"column\">\n\t\t\t<div class=\"elementor-widget-wrap elementor-element-populated\">\n\t\t\t\t\t\t<div class=\"elementor-element elementor-element-d46aef5 elementor-widget elementor-widget-text-editor\" data-id=\"d46aef5\" data-element_type=\"widget\" data-widget_type=\"text-editor.default\">\n\t\t\t\t<div class=\"elementor-widget-container\">\n\t\t\t\t\t\t\t<p><span style=\"color: #000000;\"><span class=\"\"><strong>B\u00e1rbara Flux\u00e1<\/strong> (Madrid, 1974)<br class=\"\" \/>Lives and works between Madrid and Asturias.<br class=\"\" \/><br class=\"\" \/>Multidisciplinary artist, PhD, researcher and teacher at the Faculty of Fine Arts of the Complutense University of Madrid. She is a specialist in new strategies and contemporary artistic practices around the environmental systemic crisis and the current relations between humanity, technology and nature. His work aims to make visible the Western instrumentalization of nature space and proposes a new landscape imaginary more in line with the Anthropocene era in which we live. His proposals, mostly produced through a multidisciplinary artistic language, have a certain investigative aesthetic typical of the current synergies between the arts, humanities and sciences.<br class=\"\" \/><br class=\"\" \/>She is currently a member of the research group Pr\u00e1cticas art\u00edsticas y formas de conocimiento contempor\u00e1neas of the Fine Arts Faculty of the UCM; and researcher of the<span style=\"text-decoration: underline;\"> <a href=\"https:\/\/esteticafosil.csic.es\/proyecto\/humenerge\/\">R+D+i Project: Energy Humanities: Energy and socio-cultural imaginaries between the industrial revolution and the ecosocial crisis, PID2020-113272RA-I00, HUMENERGE of CSIC.<\/a><\/span><\/span><span class=\"\"><br class=\"\" \/><br class=\"\" \/>He has an intense artistic career through his participation in numerous solo and group exhibitions, as well as in artistic production and research projects, inside and outside Spain: Argentina, Peru, Chile, Italy, Greece, Ireland, and France. His work is owned by museums, institutions and cultural foundations, both private and public.<br class=\"\" \/><br class=\"\" \/>Of the latest research and creation grants received, the Leonardo Grant for Cultural Creators and Researchers 2017-18 (Plastic Arts Area) from the BBVA Foundation stands out. The Propuestas VEGAP Grant (2020-21) and the Ayuda Extraordinaria Matadero Crea (2020-21) from the Centro de Residencias Art\u00edsticas de Matadero of the Madrid City Council, both together with filmmaker Ra\u00fal D. Alaejos. He is currently leading the collaborative project El aula de las maravillas together with Aula Paleobot\u00e1nica de Fabero (Le\u00f3n) and the cultural manager Amparo L. Corral within the program <span style=\"text-decoration: underline;\"><a style=\"color: #000000; text-decoration: underline;\" href=\"https:\/\/fundacionlacaixa.org\/es\/art-for-change-proyectos\">Art for Change`22 of \u201cLa Caixa\u201d Foundation.<\/a><\/span><\/span><\/span><\/p>\t\t\t\t\t\t<\/div>\n\t\t\t\t<\/div>\n\t\t\t\t\t<\/div>\n\t\t<\/div>\n\t\t\t\t<div class=\"elementor-column elementor-col-33 elementor-inner-column elementor-element elementor-element-721f719\" data-id=\"721f719\" data-element_type=\"column\">\n\t\t\t<div class=\"elementor-widget-wrap\">\n\t\t\t\t\t\t\t<\/div>\n\t\t<\/div>\n\t\t\t\t\t<\/div>\n\t\t<\/section>\n\t\t\t\t\t<\/div>\n\t\t<\/div>\n\t\t\t\t\t<\/div>\n\t\t<\/section>\n\t\t\t\t<\/div>","protected":false},"excerpt":{"rendered":"<p>BIOGRAF\u00cdA B\u00e1rbara Flux\u00e1 (Madrid, 1974)Vive y trabaja entre Madrid y<\/p>","protected":false},"author":1,"featured_media":0,"parent":11893,"menu_order":0,"comment_status":"closed","ping_status":"closed","template":"","meta":{"footnotes":""},"class_list":["post-15914","page","type-page","status-publish"],"_links":{"self":[{"href":"https:\/\/barbarafluxa.com\/en\/wp-json\/wp\/v2\/pages\/15914","targetHints":{"allow":["GET"]}}],"collection":[{"href":"https:\/\/barbarafluxa.com\/en\/wp-json\/wp\/v2\/pages"}],"about":[{"href":"https:\/\/barbarafluxa.com\/en\/wp-json\/wp\/v2\/types\/page"}],"author":[{"embeddable":true,"href":"https:\/\/barbarafluxa.com\/en\/wp-json\/wp\/v2\/users\/1"}],"replies":[{"embeddable":true,"href":"https:\/\/barbarafluxa.com\/en\/wp-json\/wp\/v2\/comments?post=15914"}],"version-history":[{"count":28,"href":"https:\/\/barbarafluxa.com\/en\/wp-json\/wp\/v2\/pages\/15914\/revisions"}],"predecessor-version":[{"id":15943,"href":"https:\/\/barbarafluxa.com\/en\/wp-json\/wp\/v2\/pages\/15914\/revisions\/15943"}],"up":[{"embeddable":true,"href":"https:\/\/barbarafluxa.com\/en\/wp-json\/wp\/v2\/pages\/11893"}],"wp:attachment":[{"href":"https:\/\/barbarafluxa.com\/en\/wp-json\/wp\/v2\/media?parent=15914"}],"curies":[{"name":"wp","href":"https:\/\/api.w.org\/{rel}","templated":true}]}}